{"id":3028,"date":"2025-08-22T10:15:27","date_gmt":"2025-08-22T10:15:27","guid":{"rendered":"https:\/\/mediniudeziugamyba.lt\/?post_type=product&#038;p=3028"},"modified":"2026-03-27T14:47:46","modified_gmt":"2026-03-27T14:47:46","slug":"medine-pauksciu-lesykla","status":"publish","type":"product","link":"https:\/\/mediniudeziugamyba.lt\/en\/produktas\/medine-pauksciu-lesykla\/","title":{"rendered":"Medin\u0117 pauk\u0161\u010di\u0173 lesykla\u2013 pakabinama Azijos stiliaus pauk\u0161\u010di\u0173 lesykl\u0117l\u0117"},"content":{"rendered":"<h4 data-start=\"430\" data-end=\"702\">Medin\u0117 pauk\u0161\u010di\u0173 lesykla<\/h4>\n<p data-start=\"430\" data-end=\"702\">Tai originalus \u201epasidaryk pats\u201c (DIY) rinkinys, skirtas tiek vaikams, tiek suaugusiems. Jos dizainas \u012fkv\u0117ptas tradicin\u0117s Azijos architekt\u016bros, o surinkimas tampa smagiu u\u017esi\u0117mimu visai \u0161eimai.<\/p>\n<p data-start=\"704\" data-end=\"967\">Pauk\u0161\u010di\u0173 lesykla pagaminta i\u0161 ber\u017eo faneros, da\u017eyta nat\u016braliais, netoksi\u0161kais da\u017eais. Ji pristatoma i\u0161ardyta, tod\u0117l surinkimui nereikalingi klijai. Galite j\u0105 dar labiau suasmeninti \u2013 nuda\u017eyti ar dekoruoti, kad tapt\u0173 i\u0161skirtine j\u016bs\u0173 sodo puo\u0161mena.<\/p>\n<p data-start=\"969\" data-end=\"1007\"><strong data-start=\"969\" data-end=\"1007\">Kod\u0117l verta rinktis \u0161i\u0105 lesykl\u0105:<\/strong><\/p>\n<p data-start=\"1009\" data-end=\"1353\">Pagaminta i\u0161 nat\u016bralios ber\u017eo faneros, da\u017eyta organine alyva<br data-start=\"1077\" data-end=\"1080\" \/>Surinkimo rinkinys \u2013 nereikia klij\u0173 ar \u012franki\u0173<br data-start=\"1129\" data-end=\"1132\" \/>Tobula dovana gimtadieniui, Motinos dienai, \u012fkurtuv\u0117ms ar Kal\u0117doms<\/p>\n<p data-start=\"1355\" data-end=\"1410\"><strong data-start=\"1355\" data-end=\"1371\">I\u0161matavimai:<\/strong><br data-start=\"1371\" data-end=\"1374\" \/>22 \u00d7 17 \u00d7 19 cm (8.7\u2033 \u00d7 6.7\u2033 \u00d7 7.5\u2033)<\/p>\n<p data-start=\"1412\" data-end=\"1550\">Kurkite jauki\u0105 erdv\u0119 pauk\u0161\u010diams ir savo aplinkai \u2013 \u0161i lesykl\u0117l\u0117 taps ne tik funkcionaliu sodo elementu, bet ir puikia veikla visai \u0161eimai.<\/p>\n","protected":false},"excerpt":{"rendered":"<p>Originali pauk\u0161\u010di\u0173 lesykl\u0117l\u0117 i\u0161 ber\u017eo faneros, \u012fkv\u0117pta Azijos architekt\u016bros.<br data-start=\"279\" data-end=\"282\" \/>Gaminys pateikiamas kaip lengvai surenkamas rinkinys.<br data-start=\"335\" data-end=\"338\" \/>Puiki dovana sodininkams, vaikams ar pauk\u0161\u010di\u0173 steb\u0117tojams.<br data-start=\"396\" data-end=\"399\" \/>I\u0161matavimai: 22 \u00d7 17 \u00d7 19 cm.<\/p>\n<p>GAMYBOS TERMINAS 1-2 dd.<br \/>\nSIUNTIMAS LIETUVOJE 2-3 dd.<\/p>\n","protected":false},"featured_media":3033,"comment_status":"open","ping_status":"closed","template":"","meta":{"_kad_blocks_custom_css":"","_kad_blocks_head_custom_js":"","_kad_blocks_body_custom_js":"","_kad_blocks_footer_custom_js":"","_kadence_starter_templates_imported_post":false},"product_brand":[],"product_cat":[31],"product_tag":[219,221,220,222,223],"class_list":{"0":"post-3028","1":"product","2":"type-product","3":"status-publish","4":"has-post-thumbnail","6":"product_cat-mediniai-gaminiai","7":"product_tag-medine-lesyklele","8":"product_tag-pakabinama-lesyklele","9":"product_tag-pauksciu-lesykla","10":"product_tag-pauksciu-namelis","11":"product_tag-sodo-dekoracija","12":"wcpa_has_options","14":"first","15":"instock","16":"sale","17":"shipping-taxable","18":"purchasable","19":"product-type-simple"},"taxonomy_info":{"product_cat":[{"value":31,"label":"Mediniai gaminiai"}],"product_tag":[{"value":219,"label":"medin\u0117 lesykl\u0117l\u0117"},{"value":221,"label":"pakabinama lesykl\u0117l\u0117"},{"value":220,"label":"pauk\u0161\u010di\u0173 lesykla"},{"value":222,"label":"pauk\u0161\u010di\u0173 namelis"},{"value":223,"label":"sodo dekoracija"}]},"featured_image_src_large":["https:\/\/mediniudeziugamyba.lt\/wp-content\/uploads\/2025\/08\/5-1.png",1000,1000,false],"author_info":[],"comment_info":0,"_links":{"self":[{"href":"https:\/\/mediniudeziugamyba.lt\/en\/wp-json\/wp\/v2\/product\/3028","targetHints":{"allow":["GET"]}}],"collection":[{"href":"https:\/\/mediniudeziugamyba.lt\/en\/wp-json\/wp\/v2\/product"}],"about":[{"href":"https:\/\/mediniudeziugamyba.lt\/en\/wp-json\/wp\/v2\/types\/product"}],"replies":[{"embeddable":true,"href":"https:\/\/mediniudeziugamyba.lt\/en\/wp-json\/wp\/v2\/comments?post=3028"}],"wp:featuredmedia":[{"embeddable":true,"href":"https:\/\/mediniudeziugamyba.lt\/en\/wp-json\/wp\/v2\/media\/3033"}],"wp:attachment":[{"href":"https:\/\/mediniudeziugamyba.lt\/en\/wp-json\/wp\/v2\/media?parent=3028"}],"wp:term":[{"taxonomy":"product_brand","embeddable":true,"href":"https:\/\/mediniudeziugamyba.lt\/en\/wp-json\/wp\/v2\/product_brand?post=3028"},{"taxonomy":"product_cat","embeddable":true,"href":"https:\/\/mediniudeziugamyba.lt\/en\/wp-json\/wp\/v2\/product_cat?post=3028"},{"taxonomy":"product_tag","embeddable":true,"href":"https:\/\/mediniudeziugamyba.lt\/en\/wp-json\/wp\/v2\/product_tag?post=3028"}],"curies":[{"name":"wp","href":"https:\/\/api.w.org\/{rel}","templated":true}]}}