{"id":2980,"date":"2025-08-20T08:29:45","date_gmt":"2025-08-20T08:29:45","guid":{"rendered":"https:\/\/mediniudeziugamyba.lt\/?post_type=product&#038;p=2980"},"modified":"2026-03-27T14:47:48","modified_gmt":"2026-03-27T14:47:48","slug":"dezute-pikams","status":"publish","type":"product","link":"https:\/\/mediniudeziugamyba.lt\/en\/produktas\/dezute-pikams\/","title":{"rendered":"Medin\u0117 d\u0117\u017eut\u0117 pikams \u2013 Akustin\u0117s gitaros formos su pasirinktiniais graviruotais mediatoriais"},"content":{"rendered":"<h4 data-start=\"404\" data-end=\"688\">Medin\u0117 d\u0117\u017eut\u0117 pikams<\/h4>\n<p data-start=\"404\" data-end=\"688\">Ie\u0161kote originalios dovanos muzikantui? M\u016bs\u0173 medin\u0117 d\u0117\u017eut\u0117 pikams \u2013 tai akustin\u0117s gitaros formos suvenyras, kur\u012f galima personalizuoti pasirinktu tekstu. Tai ne tik prakti\u0161ka mediatoriaus laikymo d\u0117\u017eut\u0117, bet ir unikali dekoracija ar net firminis atributas grup\u0117ms ir atlik\u0117jams.<\/p>\n<p data-start=\"690\" data-end=\"958\">\u0160i d\u0117\u017eut\u0117 pagaminta i\u0161 nat\u016bralios ber\u017ein\u0117s faneros, o pasirinktiniai mediatoriai \u2013 i\u0161 \u0105\u017euolo medienos. Ant d\u0117\u017eut\u0117s galima graviruoti vard\u0105, logotip\u0105 ar speciali\u0173 u\u017era\u0161\u0105. Kiekvienas rinkinys taip pat turi stovel\u012f, kuris leid\u017eia d\u0117\u017eut\u0119 gra\u017eiai eksponuoti ant stalo ar lentynos<\/p>\n<p data-start=\"960\" data-end=\"984\"><strong data-start=\"960\" data-end=\"984\">Kod\u0117l verta rinktis:<\/strong><\/p>\n<ul data-start=\"985\" data-end=\"1269\">\n<li data-start=\"985\" data-end=\"1051\">\n<p data-start=\"987\" data-end=\"1051\">Akustin\u0117s gitaros forma \u2013 i\u0161skirtinis ir atpa\u017e\u012fstamas dizainas<\/p>\n<\/li>\n<li data-start=\"1052\" data-end=\"1101\">\n<p data-start=\"1054\" data-end=\"1101\">Galimyb\u0117 personalizuoti d\u0117\u017eut\u0119 ir mediatorius<\/p>\n<\/li>\n<li data-start=\"1102\" data-end=\"1185\">\n<p data-start=\"1104\" data-end=\"1185\">Tinka \u012fvairioms progoms \u2013 gimtadieniui, Kal\u0117doms, Valentino dienai, t\u0117vo dienai<\/p>\n<\/li>\n<li data-start=\"1186\" data-end=\"1239\">\n<p data-start=\"1188\" data-end=\"1239\">Pagaminta i\u0161 ber\u017ein\u0117s faneros ir \u0105\u017euolo medienos<\/p>\n<\/li>\n<li data-start=\"1240\" data-end=\"1269\">\n<p data-start=\"1242\" data-end=\"1269\">Pridedamas medinis stovelis<\/p>\n<\/li>\n<\/ul>\n<p data-start=\"1271\" data-end=\"1295\"><strong data-start=\"1271\" data-end=\"1295\">\u012e rinkin\u012f \u012feina:<\/strong><\/p>\n<ul data-start=\"1296\" data-end=\"1433\">\n<li data-start=\"1296\" data-end=\"1344\">\n<p data-start=\"1298\" data-end=\"1344\">1 \u00d7 d\u0117\u017eut\u0117 pikams (akustin\u0117s gitaros formos)<\/p>\n<\/li>\n<li data-start=\"1345\" data-end=\"1374\">\n<p data-start=\"1347\" data-end=\"1374\">1 \u00d7 stovelis eksponavimui<\/p>\n<\/li>\n<li data-start=\"1375\" data-end=\"1433\">\n<p data-start=\"1377\" data-end=\"1433\">3 graviruoti mediatoriai<\/p>\n<\/li>\n<\/ul>\n<p data-start=\"1435\" data-end=\"1451\"><strong data-start=\"1435\" data-end=\"1451\">I\u0161matavimai:<\/strong><\/p>\n<ul data-start=\"1452\" data-end=\"1517\">\n<li data-start=\"1452\" data-end=\"1481\">\n<p data-start=\"1454\" data-end=\"1481\">D\u0117\u017eut\u0117: 10 \u00d7 6.8 \u00d7 1.5 cm<\/p>\n<\/li>\n<li data-start=\"1482\" data-end=\"1517\">\n<p data-start=\"1484\" data-end=\"1517\">Mediatoriai: 2.5 \u00d7 2.7 \u00d7 0.3 cm<\/p>\n<\/li>\n<\/ul>\n<p data-start=\"1519\" data-end=\"1607\">D\u0117l nat\u016brali\u0173 med\u017eio savybi\u0173 spalva ir graviravimo atspalviai gali \u0161iek tiek skirtis.<\/p>\n<p data-start=\"1609\" data-end=\"1643\">Per\u017ei\u016br\u0117kite daugiau m\u016bs\u0173 produkt\u0173<\/p>\n","protected":false},"excerpt":{"rendered":"<p>Akustin\u0117s gitaros formos medin\u0117 d\u0117\u017eut\u0117 su pasirinktinai graviruotais mediatoriais.<br data-start=\"328\" data-end=\"331\" \/>Dydis: 10 \u00d7 6.8 \u00d7 1.5 cm.<br \/>\nPuiki dovana muzikantui ar gitaros myl\u0117tojui.<br \/>\n\u012e komplekt\u0105 \u012feina:<br \/>\n1 pasirinktos spalvos graviruota d\u0117\u017eut\u0117<br \/>\n3 \u0105\u017euoliniai mediatoriai<br data-start=\"352\" data-end=\"355\" \/>Matmenys: 11 \u00d7 7,5 \u00d7 1,8 cm<\/p>\n<p>PERSONALIZAVIMAS<br \/>\nU\u017esakymo komentaruose para\u0161yti tekstus graviravimui<br \/>\nPVZ<br \/>\nD\u0117\u017eut\u0117 \u2013 Tomas<br \/>\nMediatorius 1 \u2013 1994<br \/>\nMediatorius 2 \u2013 Rock On<br \/>\nMediatorius 3 \u2013 Negraviruoti<\/p>\n<p>GAMYBOS TERMINAS 1-2 dd.<br \/>\nSIUNTIMAS LIETUVOJE 2-3 dd.<\/p>\n","protected":false},"featured_media":2981,"comment_status":"open","ping_status":"closed","template":"","meta":{"_kad_blocks_custom_css":"","_kad_blocks_head_custom_js":"","_kad_blocks_body_custom_js":"","_kad_blocks_footer_custom_js":"","_kadence_starter_templates_imported_post":false},"product_brand":[],"product_cat":[31,155],"product_tag":[199,198,188,58,200],"class_list":{"0":"post-2980","1":"product","2":"type-product","3":"status-publish","4":"has-post-thumbnail","6":"product_cat-mediniai-gaminiai","7":"product_cat-dovanos","8":"product_tag-akustines-gitaros-dezute","9":"product_tag-dezute-mediatoriams","10":"product_tag-dovana-muzikantui","11":"product_tag-medine-dezute","12":"product_tag-suvenyras-gitaristui","13":"wcpa_has_options","15":"first","16":"instock","17":"shipping-taxable","18":"purchasable","19":"product-type-variable"},"taxonomy_info":{"product_cat":[{"value":31,"label":"Mediniai gaminiai"},{"value":155,"label":"Dovanos"}],"product_tag":[{"value":199,"label":"akustin\u0117s gitaros d\u0117\u017eut\u0117"},{"value":198,"label":"d\u0117\u017eut\u0117 mediatoriams"},{"value":188,"label":"dovana muzikantui"},{"value":58,"label":"Medin\u0117 d\u0117\u017eut\u0117"},{"value":200,"label":"suvenyras gitaristui"}]},"featured_image_src_large":["https:\/\/mediniudeziugamyba.lt\/wp-content\/uploads\/2025\/08\/personalised-guitar-shape-pick-box-13-1024x1024.png",1024,1024,true],"author_info":[],"comment_info":0,"_links":{"self":[{"href":"https:\/\/mediniudeziugamyba.lt\/en\/wp-json\/wp\/v2\/product\/2980","targetHints":{"allow":["GET"]}}],"collection":[{"href":"https:\/\/mediniudeziugamyba.lt\/en\/wp-json\/wp\/v2\/product"}],"about":[{"href":"https:\/\/mediniudeziugamyba.lt\/en\/wp-json\/wp\/v2\/types\/product"}],"replies":[{"embeddable":true,"href":"https:\/\/mediniudeziugamyba.lt\/en\/wp-json\/wp\/v2\/comments?post=2980"}],"wp:featuredmedia":[{"embeddable":true,"href":"https:\/\/mediniudeziugamyba.lt\/en\/wp-json\/wp\/v2\/media\/2981"}],"wp:attachment":[{"href":"https:\/\/mediniudeziugamyba.lt\/en\/wp-json\/wp\/v2\/media?parent=2980"}],"wp:term":[{"taxonomy":"product_brand","embeddable":true,"href":"https:\/\/mediniudeziugamyba.lt\/en\/wp-json\/wp\/v2\/product_brand?post=2980"},{"taxonomy":"product_cat","embeddable":true,"href":"https:\/\/mediniudeziugamyba.lt\/en\/wp-json\/wp\/v2\/product_cat?post=2980"},{"taxonomy":"product_tag","embeddable":true,"href":"https:\/\/mediniudeziugamyba.lt\/en\/wp-json\/wp\/v2\/product_tag?post=2980"}],"curies":[{"name":"wp","href":"https:\/\/api.w.org\/{rel}","templated":true}]}}