{"id":2613,"date":"2025-07-23T10:40:12","date_gmt":"2025-07-23T10:40:12","guid":{"rendered":"https:\/\/mediniudeziugamyba.lt\/?post_type=product&#038;p=2613"},"modified":"2026-03-27T14:47:51","modified_gmt":"2026-03-27T14:47:51","slug":"krikstynu-deze-vaikui-32x22x12","status":"publish","type":"product","link":"https:\/\/mediniudeziugamyba.lt\/en\/produktas\/krikstynu-deze-vaikui-32x22x12\/","title":{"rendered":"Krik\u0161tyn\u0173 d\u0117\u017eut\u0117 su vardu ir gimimo metrikomis \u2013 Personalizuota atminim\u0173 d\u0117\u017e\u0117 k\u016bdikiui, 32\u00d722\u00d712 cm"},"content":{"rendered":"<h4 data-start=\"741\" data-end=\"828\">Krik\u0161tyn\u0173 d\u0117\u017eut\u0117 su vardu ir gimimo metrikomis \u2013 personalizuota dovana naujagimiui<\/h4>\n<p data-start=\"830\" data-end=\"1019\">Ie\u0161kote i\u0161skirtin\u0117s dovanos naujagimiui ar krik\u0161tyn\u0173 proga? \u0160i <strong data-start=\"893\" data-end=\"913\">krik\u0161tyn\u0173 d\u0117\u017eut\u0117<\/strong> su graviruotu vardu ir gimimo metrikomis \u2013 tai ilgaam\u017eis prisiminimas, kur\u012f \u0161eima brangins vis\u0105 gyvenim\u0105.<\/p>\n<hr data-start=\"1021\" data-end=\"1024\" \/>\n<h4 data-start=\"1026\" data-end=\"1055\">Pagrindiniai privalumai:<\/h4>\n<ul data-start=\"1056\" data-end=\"1396\">\n<li data-start=\"1056\" data-end=\"1136\">\n<p data-start=\"1058\" data-end=\"1136\">Individuali personalizacija: vaiko vardas, gimimo data, laikas, \u016bgis, svoris<\/p>\n<\/li>\n<li data-start=\"1137\" data-end=\"1192\">\n<p data-start=\"1139\" data-end=\"1192\">Gali b\u016bti pritaikyta tiek berniukui, tiek mergaitei<\/p>\n<\/li>\n<li data-start=\"1193\" data-end=\"1253\">\n<p data-start=\"1195\" data-end=\"1253\">Pastelin\u0117s spalvos, galima pateikti individual\u0173 u\u017esakym\u0105<\/p>\n<\/li>\n<li data-start=\"1254\" data-end=\"1295\">\n<p data-start=\"1256\" data-end=\"1295\">Auk\u0161tos kokyb\u0117s da\u017eyta ber\u017ein\u0117 fanera<\/p>\n<\/li>\n<li data-start=\"1296\" data-end=\"1327\">\n<p data-start=\"1298\" data-end=\"1327\">Gaminama rankomis Lietuvoje<\/p>\n<\/li>\n<li data-start=\"1328\" data-end=\"1396\">\n<p data-start=\"1330\" data-end=\"1396\">Galima papildoma simbolika: kar\u016bn\u0117l\u0117s, \u017evaig\u017ed\u0117s, me\u0161kiukai ir kt.<\/p>\n<\/li>\n<\/ul>\n<hr data-start=\"1398\" data-end=\"1401\" \/>\n<h4 data-start=\"1403\" data-end=\"1418\">Kam tinka?<\/h4>\n<ul data-start=\"1419\" data-end=\"1613\">\n<li data-start=\"1419\" data-end=\"1475\">\n<p data-start=\"1421\" data-end=\"1475\">Dovana krik\u0161tynoms nuo t\u0117v\u0173, krik\u0161tat\u0117vi\u0173 ar seneli\u0173<\/p>\n<\/li>\n<li data-start=\"1476\" data-end=\"1537\">\n<p data-start=\"1478\" data-end=\"1537\">Prisiminim\u0173 laikymui: pirmieji r\u016bbai, \u017eaislai, dokumentai<\/p>\n<\/li>\n<li data-start=\"1538\" data-end=\"1577\">\n<p data-start=\"1540\" data-end=\"1577\">Dekoratyvus vaiko kambario akcentas<\/p>\n<\/li>\n<li data-start=\"1578\" data-end=\"1613\">\n<p data-start=\"1580\" data-end=\"1613\">Pirmosios met\u0173 dienos relikvijoms<\/p>\n<\/li>\n<\/ul>\n<hr data-start=\"1615\" data-end=\"1618\" \/>\n<h4 data-start=\"1620\" data-end=\"1646\">Technin\u0117 informacija:<\/h4>\n<ul data-start=\"1647\" data-end=\"1766\">\n<li data-start=\"1647\" data-end=\"1691\">\n<p data-start=\"1649\" data-end=\"1691\"><strong data-start=\"1649\" data-end=\"1673\">Matmenys (vidiniai):<\/strong> 32 \u00d7 22 \u00d7 12 cm<\/p>\n<\/li>\n<li data-start=\"1692\" data-end=\"1731\">\n<p data-start=\"1694\" data-end=\"1731\"><strong data-start=\"1694\" data-end=\"1707\">Med\u017eiaga:<\/strong> da\u017eyta ber\u017ein\u0117 fanera<\/p>\n<\/li>\n<li data-start=\"1692\" data-end=\"1731\">\n<p data-start=\"1694\" data-end=\"1731\"><strong data-start=\"1734\" data-end=\"1744\">Kilm\u0117:<\/strong> Pagaminta Lietuvoj<\/p>\n<\/li>\n<\/ul>\n<p data-start=\"1734\" data-end=\"1766\">Susij\u0119 produktai:<\/p>\n<p data-start=\"1796\" data-end=\"1911\">Pa\u017evelkite \u012f <a class=\"cursor-pointer\" href=\"https:\/\/mediniudeziugamyba.lt\/produktas\/personalizuota-krikstynu-deze-vaikui\/\" target=\"_new\" rel=\"noopener\" data-start=\"1809\" data-end=\"1911\">kitus personalizuotus gaminius k\u016bdikiams<\/a><\/p>\n","protected":false},"excerpt":{"rendered":"<p data-start=\"304\" data-end=\"538\">Personalizuota medin\u0117 d\u0117\u017eut\u0117 su vaiko vardu ir gimimo metrikomis.<br data-start=\"369\" data-end=\"372\" \/><strong data-start=\"372\" data-end=\"396\">Matmenys (vidiniai):<\/strong> 32 \u00d7 22 \u00d7 12 cm<br data-start=\"412\" data-end=\"415\" \/><strong data-start=\"415\" data-end=\"428\">Med\u017eiaga:<\/strong> da\u017eyta ber\u017ein\u0117 fanera<br data-start=\"450\" data-end=\"453\" \/><strong data-start=\"453\" data-end=\"464\">Spalva:<\/strong> pastelini\u0173 ton\u0173 (galima individuali spalv\u0173 korekcija pagal pageidavim\u0105)<\/p>\n<p data-start=\"540\" data-end=\"687\">Gali b\u016bti naudojama naujagimio prisiminimams, dokumentams ar pirmiems drabu\u017e\u0117liams saugoti. Puiki dovanos id\u0117ja krik\u0161tynoms ar pirmam gimtadieniui.<\/p>\n<p data-start=\"540\" data-end=\"687\">GAMYBOS TERMINAS 1-2 dd.<br \/>\nSIUNTIMAS LIETUVOJE 2-3 dd.<\/p>\n","protected":false},"featured_media":2600,"comment_status":"open","ping_status":"closed","template":"","meta":{"_kad_blocks_custom_css":"","_kad_blocks_head_custom_js":"","_kad_blocks_body_custom_js":"","_kad_blocks_footer_custom_js":"","_kadence_starter_templates_imported_post":false},"product_brand":[],"product_cat":[30,60,48],"product_tag":[114,79,62,116,111,115,63,113,112],"class_list":{"0":"post-2613","1":"product","2":"type-product","3":"status-publish","4":"has-post-thumbnail","6":"product_cat-medines-dezes","7":"product_cat-dezutes-vaikams","8":"product_cat-skrynios-tipo-dezes","9":"product_tag-atminimu-deze","10":"product_tag-berzine-fanera","11":"product_tag-deze-su-vardu","12":"product_tag-dovana-krikstynoms","13":"product_tag-krikstynu-dezute","14":"product_tag-naujagimio-dezute","15":"product_tag-personalizuota-dezute","16":"product_tag-personalizuota-dovana-kudikiui","17":"product_tag-vaiko-gimimo-metrikos","18":"wcpa_has_options","20":"first","21":"instock","22":"sale","23":"shipping-taxable","24":"purchasable","25":"product-type-simple"},"taxonomy_info":{"product_cat":[{"value":30,"label":"Medin\u0117s d\u0117\u017e\u0117s"},{"value":60,"label":"D\u0117\u017eut\u0117s vaikams"},{"value":48,"label":"Skrynios tipo d\u0117\u017e\u0117s"}],"product_tag":[{"value":114,"label":"atminim\u0173 d\u0117\u017e\u0117"},{"value":79,"label":"ber\u017ein\u0117 fanera"},{"value":62,"label":"d\u0117\u017e\u0117 su vardu"},{"value":116,"label":"dovana krik\u0161tynoms"},{"value":111,"label":"krik\u0161tyn\u0173 d\u0117\u017eut\u0117"},{"value":115,"label":"naujagimio d\u0117\u017eut\u0117"},{"value":63,"label":"personalizuota d\u0117\u017eut\u0117"},{"value":113,"label":"personalizuota dovana k\u016bdikiui"},{"value":112,"label":"vaiko gimimo metrikos"}]},"featured_image_src_large":["https:\/\/mediniudeziugamyba.lt\/wp-content\/uploads\/2025\/07\/krikstynu-deze-su-vardu-Naujagimio-atsiminimu-dezute.png",900,900,false],"author_info":[],"comment_info":0,"_links":{"self":[{"href":"https:\/\/mediniudeziugamyba.lt\/en\/wp-json\/wp\/v2\/product\/2613","targetHints":{"allow":["GET"]}}],"collection":[{"href":"https:\/\/mediniudeziugamyba.lt\/en\/wp-json\/wp\/v2\/product"}],"about":[{"href":"https:\/\/mediniudeziugamyba.lt\/en\/wp-json\/wp\/v2\/types\/product"}],"replies":[{"embeddable":true,"href":"https:\/\/mediniudeziugamyba.lt\/en\/wp-json\/wp\/v2\/comments?post=2613"}],"wp:featuredmedia":[{"embeddable":true,"href":"https:\/\/mediniudeziugamyba.lt\/en\/wp-json\/wp\/v2\/media\/2600"}],"wp:attachment":[{"href":"https:\/\/mediniudeziugamyba.lt\/en\/wp-json\/wp\/v2\/media?parent=2613"}],"wp:term":[{"taxonomy":"product_brand","embeddable":true,"href":"https:\/\/mediniudeziugamyba.lt\/en\/wp-json\/wp\/v2\/product_brand?post=2613"},{"taxonomy":"product_cat","embeddable":true,"href":"https:\/\/mediniudeziugamyba.lt\/en\/wp-json\/wp\/v2\/product_cat?post=2613"},{"taxonomy":"product_tag","embeddable":true,"href":"https:\/\/mediniudeziugamyba.lt\/en\/wp-json\/wp\/v2\/product_tag?post=2613"}],"curies":[{"name":"wp","href":"https:\/\/api.w.org\/{rel}","templated":true}]}}