{"id":2391,"date":"2025-03-26T12:59:27","date_gmt":"2025-03-26T12:59:27","guid":{"rendered":"https:\/\/mediniudeziugamyba.lt\/?post_type=product&#038;p=2391"},"modified":"2026-03-27T14:47:52","modified_gmt":"2026-03-27T14:47:52","slug":"medine-deze-restorano-irankiams-g","status":"publish","type":"product","link":"https:\/\/mediniudeziugamyba.lt\/en\/produktas\/medine-deze-restorano-irankiams-g\/","title":{"rendered":"Gul\u0161\u010dia medin\u0117 d\u0117\u017e\u0117 restoranams \u2013 8,2\u00d78,5\u00d712 cm"},"content":{"rendered":"<h4>Medin\u0117 d\u0117\u017e\u0117 restoran\u0173 stalui<\/h4>\n<p>Kompakti\u0161ka ir minimalistin\u0117 ber\u017ein\u0117s faneros d\u0117\u017eut\u0117 \u2013 puikus pasirinkimas restoranams, kavin\u0117ms ar nam\u0173 stalui. Ji skirta tvarkingam smulki\u0173 daikt\u0173 sud\u0117jimui: s\u0105skaitai, stalo \u012frankiams, servet\u0117l\u0117ms ar kitiems stalo reikmenims. D\u0117\u017eut\u0117 neturi dang\u010dio, tod\u0117l puikiai tinka naudoti da\u017enai pasiekiamiems daiktams.<\/p>\n<h4>Naudojimo paskirtis:<\/h4>\n<p>S\u0105skaitos pateikimui restorane<br \/>\nStalo \u012franki\u0173 ar servet\u0117li\u0173 laikymui<br \/>\nMinimalistiniam stalo dekorui<br \/>\nDovan\u0173 rinkinio ar d\u017eiovint\u0173 \u017eoleli\u0173 pakavimui<\/p>\n<h4>Matmenys<\/h4>\n<p>(vidiniai): 8,2 \u00d7 8,5 \u00d7 12 cm<br \/>\nGaminama i\u0161 6 mm storio ber\u017ein\u0117s faneros, sujungiama precizi\u0161kais kampais, pavir\u0161iai \u0161lifuoti. D\u0117\u017eut\u0117 yra nat\u016brali, be papildomo apdirbimo \u2013 puikiai tinka tiek naudoti i\u0161kart, tiek dekoruoti.<\/p>\n","protected":false},"excerpt":{"rendered":"<p>Matmenys (vidiniai): 8,2 \u00d7 8,5 \u00d7 12 cm<\/p>\n<p>Med\u017eiagos: 6 mm ber\u017ein\u0117 fanera<\/p>\n<p>Spalvos: nat\u016bralios faneros (neapdorota) Galima da\u017eyti \u012fvairom spalvos pateikus individual\u0173 u\u017esakym\u0105<br \/>\nTinka restoran\u0173 stalo \u012frankiams, s\u0105skaitai, servet\u0117l\u0117ms ar dovan\u0173 rinkinio pakavimui.<\/p>\n<p>GAMYBOS TERMINAS 1-2 dd.<br \/>\nSIUNTIMAS LIETUVOJE 2-3 dd.<\/p>\n","protected":false},"featured_media":2348,"comment_status":"open","ping_status":"closed","template":"","meta":{"_kad_blocks_custom_css":"","_kad_blocks_head_custom_js":"","_kad_blocks_body_custom_js":"","_kad_blocks_footer_custom_js":"","_kadence_starter_templates_imported_post":false},"product_brand":[],"product_cat":[36],"product_tag":[90,89,91,86,87,85,88,92],"class_list":{"0":"post-2391","1":"product","2":"type-product","3":"status-publish","4":"has-post-thumbnail","6":"product_cat-medines-dezes-be-dangcio","7":"product_tag-deze-be-dangcio","8":"product_tag-deze-stalo-irankiams","9":"product_tag-dezute-kavinei","10":"product_tag-dezute-servetelems","11":"product_tag-fanerine-dezute","12":"product_tag-medine-deze-restoranui","13":"product_tag-saskaitos-dezute","14":"product_tag-stalo-deze","16":"first","17":"instock","18":"shipping-taxable","19":"purchasable","20":"product-type-variable"},"taxonomy_info":{"product_cat":[{"value":36,"label":"Medin\u0117s d\u0117\u017e\u0117s be dang\u010dio"}],"product_tag":[{"value":90,"label":"d\u0117\u017e\u0117 be dang\u010dio"},{"value":89,"label":"d\u0117\u017e\u0117 stalo \u012frankiams"},{"value":91,"label":"d\u0117\u017eut\u0117 kavinei"},{"value":86,"label":"d\u0117\u017eut\u0117 servet\u0117l\u0117ms"},{"value":87,"label":"fanerin\u0117 d\u0117\u017eut\u0117"},{"value":85,"label":"medin\u0117 d\u0117\u017e\u0117 restoranui"},{"value":88,"label":"s\u0105skaitos d\u0117\u017eut\u0117"},{"value":92,"label":"stalo d\u0117\u017e\u0117"}]},"featured_image_src_large":["https:\/\/mediniudeziugamyba.lt\/wp-content\/uploads\/2025\/03\/Medine-deze-irankaims.png",900,900,false],"author_info":[],"comment_info":0,"_links":{"self":[{"href":"https:\/\/mediniudeziugamyba.lt\/en\/wp-json\/wp\/v2\/product\/2391","targetHints":{"allow":["GET"]}}],"collection":[{"href":"https:\/\/mediniudeziugamyba.lt\/en\/wp-json\/wp\/v2\/product"}],"about":[{"href":"https:\/\/mediniudeziugamyba.lt\/en\/wp-json\/wp\/v2\/types\/product"}],"replies":[{"embeddable":true,"href":"https:\/\/mediniudeziugamyba.lt\/en\/wp-json\/wp\/v2\/comments?post=2391"}],"wp:featuredmedia":[{"embeddable":true,"href":"https:\/\/mediniudeziugamyba.lt\/en\/wp-json\/wp\/v2\/media\/2348"}],"wp:attachment":[{"href":"https:\/\/mediniudeziugamyba.lt\/en\/wp-json\/wp\/v2\/media?parent=2391"}],"wp:term":[{"taxonomy":"product_brand","embeddable":true,"href":"https:\/\/mediniudeziugamyba.lt\/en\/wp-json\/wp\/v2\/product_brand?post=2391"},{"taxonomy":"product_cat","embeddable":true,"href":"https:\/\/mediniudeziugamyba.lt\/en\/wp-json\/wp\/v2\/product_cat?post=2391"},{"taxonomy":"product_tag","embeddable":true,"href":"https:\/\/mediniudeziugamyba.lt\/en\/wp-json\/wp\/v2\/product_tag?post=2391"}],"curies":[{"name":"wp","href":"https:\/\/api.w.org\/{rel}","templated":true}]}}