{"id":2382,"date":"2025-03-21T12:46:26","date_gmt":"2025-03-21T12:46:26","guid":{"rendered":"https:\/\/mediniudeziugamyba.lt\/?post_type=product&#038;p=2382"},"modified":"2026-03-27T14:47:53","modified_gmt":"2026-03-27T14:47:53","slug":"moduline-medine-deze-susidedanti-viena-ant-kitos","status":"publish","type":"product","link":"https:\/\/mediniudeziugamyba.lt\/en\/produktas\/moduline-medine-deze-susidedanti-viena-ant-kitos\/","title":{"rendered":"Modulin\u0117 medin\u0117 d\u0117\u017e\u0117 \u2013 30\u00d720\u00d78 cm"},"content":{"rendered":"<h4>Modulin\u0117 medin\u0117 d\u0117\u017e\u0117<\/h4>\n<p>Pagaminta i\u0161 ber\u017ein\u0117s faneros, sukurta patogiam daikt\u0173 saugojimui ir organizavimui. D\u0117l specialios konstrukcijos d\u0117\u017e\u0117s gali b\u016bti statomos viena ant kitos \u2013 tai ypa\u010d naudinga sand\u0117liavimui, dirbtuv\u0117se ar namuose. D\u0117\u017eut\u0117 yra lengvai surenkama, stabili, be papildom\u0173 tvirtinimo detali\u0173.<\/p>\n<p>Naudojimo paskirtis:<br \/>\n\u012eranki\u0173 ar med\u017eiag\u0173 laikymui dirbtuv\u0117se<\/p>\n<p>Rankdarbi\u0173, siuvimo reikmen\u0173 ar smulkmen\u0173 organizavimui<\/p>\n<p>Dar\u017eovi\u0173, vaisi\u0173 ar kit\u0173 maisto produkt\u0173 sand\u0117liavimui<\/p>\n<p>Nam\u0173 interjerui ar lentyn\u0173 sistemoms<\/p>\n<p>Rank\u0173 darbo Lietuvoje<br \/>\nKruop\u0161\u010diai i\u0161pjauta lazeriu, i\u0161 \u0161lifuotos 6 mm ber\u017ein\u0117s faneros. D\u0117\u017e\u0117 i\u0161laiko tvirt\u0105 konstrukcij\u0105 net esant didesniam svoriui. Pavir\u0161ius nat\u016bralus, galima papildomai da\u017eyti ar lakuoti.<\/p>\n","protected":false},"excerpt":{"rendered":"<p>Modulin\u0117 medin\u0117 d\u0117\u017e\u0117 i\u0161 ber\u017ein\u0117s faneros.<\/p>\n<p>Matmenys (vidiniai): 30 \u00d7 20 \u00d7 8 cm<\/p>\n<p>Med\u017eiagos: 6 mm ber\u017ein\u0117 fanera<\/p>\n<p>Spalvos: nat\u016bralios faneros. Galima da\u017eyti \u012fvairiom spalvom pateikus individual\u0173 u\u017esakym\u0105<br \/>\nTinka smulkiems daiktams laikyti, transportuoti ar sand\u0117liuoti. D\u0117\u017e\u0117s stabiliai dedasi viena ant kitos.<\/p>\n<p>GAMYBOS TERMINAS 1-2 dd.<br \/>\nSIUNTIMAS LIETUVOJE 2-3 dd.<\/p>\n","protected":false},"featured_media":2343,"comment_status":"open","ping_status":"closed","template":"","meta":{"_kad_blocks_custom_css":"","_kad_blocks_head_custom_js":"","_kad_blocks_body_custom_js":"","_kad_blocks_footer_custom_js":"","_kadence_starter_templates_imported_post":false},"product_brand":[],"product_cat":[36,30],"product_tag":[79,100,103,98,101,99,97,102],"class_list":{"0":"post-2382","1":"product","2":"type-product","3":"status-publish","4":"has-post-thumbnail","6":"product_cat-medines-dezes-be-dangcio","7":"product_cat-medines-dezes","8":"product_tag-berzine-fanera","9":"product_tag-deze-dirbtuvems","10":"product_tag-dezes-laikymui","11":"product_tag-dezes-sandeliavimui","12":"product_tag-dezes-viena-ant-kitos","13":"product_tag-dezute-organizavimui","14":"product_tag-moduline-medine-deze","15":"product_tag-moduline-sistema","16":"wcpa_has_options","18":"first","19":"instock","20":"shipping-taxable","21":"purchasable","22":"product-type-variable"},"taxonomy_info":{"product_cat":[{"value":36,"label":"Medin\u0117s d\u0117\u017e\u0117s be dang\u010dio"},{"value":30,"label":"Medin\u0117s d\u0117\u017e\u0117s"}],"product_tag":[{"value":79,"label":"ber\u017ein\u0117 fanera"},{"value":100,"label":"d\u0117\u017e\u0117 dirbtuv\u0117ms"},{"value":103,"label":"d\u0117\u017e\u0117s laikymui"},{"value":98,"label":"d\u0117\u017e\u0117s sand\u0117liavimui"},{"value":101,"label":"d\u0117\u017e\u0117s viena ant kitos"},{"value":99,"label":"d\u0117\u017eut\u0117 organizavimui"},{"value":97,"label":"modulin\u0117 medin\u0117 d\u0117\u017e\u0117"},{"value":102,"label":"modulin\u0117 sistema"}]},"featured_image_src_large":["https:\/\/mediniudeziugamyba.lt\/wp-content\/uploads\/2025\/03\/Modulines-dezes-daiktams.png",900,900,false],"author_info":[],"comment_info":0,"_links":{"self":[{"href":"https:\/\/mediniudeziugamyba.lt\/en\/wp-json\/wp\/v2\/product\/2382","targetHints":{"allow":["GET"]}}],"collection":[{"href":"https:\/\/mediniudeziugamyba.lt\/en\/wp-json\/wp\/v2\/product"}],"about":[{"href":"https:\/\/mediniudeziugamyba.lt\/en\/wp-json\/wp\/v2\/types\/product"}],"replies":[{"embeddable":true,"href":"https:\/\/mediniudeziugamyba.lt\/en\/wp-json\/wp\/v2\/comments?post=2382"}],"wp:featuredmedia":[{"embeddable":true,"href":"https:\/\/mediniudeziugamyba.lt\/en\/wp-json\/wp\/v2\/media\/2343"}],"wp:attachment":[{"href":"https:\/\/mediniudeziugamyba.lt\/en\/wp-json\/wp\/v2\/media?parent=2382"}],"wp:term":[{"taxonomy":"product_brand","embeddable":true,"href":"https:\/\/mediniudeziugamyba.lt\/en\/wp-json\/wp\/v2\/product_brand?post=2382"},{"taxonomy":"product_cat","embeddable":true,"href":"https:\/\/mediniudeziugamyba.lt\/en\/wp-json\/wp\/v2\/product_cat?post=2382"},{"taxonomy":"product_tag","embeddable":true,"href":"https:\/\/mediniudeziugamyba.lt\/en\/wp-json\/wp\/v2\/product_tag?post=2382"}],"curies":[{"name":"wp","href":"https:\/\/api.w.org\/{rel}","templated":true}]}}