{"id":2375,"date":"2025-03-21T12:12:35","date_gmt":"2025-03-21T12:12:35","guid":{"rendered":"https:\/\/mediniudeziugamyba.lt\/?post_type=product&#038;p=2375"},"modified":"2026-03-27T14:47:54","modified_gmt":"2026-03-27T14:47:54","slug":"medine-deze-slankiojanciu-dangciu-m","status":"publish","type":"product","link":"https:\/\/mediniudeziugamyba.lt\/en\/produktas\/medine-deze-slankiojanciu-dangciu-m\/","title":{"rendered":"Medin\u0117 d\u0117\u017e\u0117 su slankiojan\u010diu dang\u010diu \u2013 20\u00d720\u00d710 cm"},"content":{"rendered":"<h4>Medin\u0117 d\u0117\u017e\u0117 su slankiojan\u010diu dang\u010diu<\/h4>\n<p>\u0160i talpi medin\u0117 d\u0117\u017e\u0117 su slankiojan\u010diu dang\u010diu \u2013 puikus sprendimas ie\u0161kantiems nat\u016bralaus, patvaraus ir funkcionalaus pakavimo. D\u0117l 6 mm storio sieneli\u0173 konstrukcijos d\u0117\u017e\u0117 yra labai stabili, tod\u0117l tinka net ir sunkesniems daiktams. Slankiojantis dangtis u\u017etikrina paprast\u0105 ir patikim\u0105 u\u017edarym\u0105.<\/p>\n<h4>Pritaikymas:<\/h4>\n<p>Rank\u0173 darbo gamini\u0173 pakavimui<br \/>\nSunkiems ar stambesniems objektams<br \/>\nDovanoms (pvz., maisto produktams, stiklin\u0117ms, kosmetikai)<br \/>\nNam\u0173 organizavimui ar sand\u0117liavimui<\/p>\n<p>Rank\u0173 darbo i\u0161 nat\u016bralios medienos<br \/>\nPagaminta Lietuvoje i\u0161 kruop\u0161\u010diai \u0161lifuotos ber\u017ein\u0117s faneros. D\u0117\u017e\u0117 neda\u017eyta, tod\u0117l galima lengvai dekoruoti, da\u017eyti ar graviruoti pagal poreikius.<\/p>\n","protected":false},"excerpt":{"rendered":"<p>Tvirta ir talpi medin\u0117 d\u0117\u017e\u0117 su slankiojan\u010diu dang\u010diu.<\/p>\n<p>Matmenys (vidiniai): 20 \u00d7 20 \u00d7 10 cm<\/p>\n<p>Med\u017eiagos: 6 mm ber\u017ein\u0117 fanera<\/p>\n<p>Spalvos: nat\u016bralios faneros. Galima da\u017eyti \u012fvairiom spalvom pateikus individual\u0173 u\u017esakym\u0105<br \/>\nSkirta didesni\u0173 daikt\u0173 pakavimui, laikymui ar dovan\u0173 supakavimui.<\/p>\n<p>GAMYBOS TERMINAS 1-2 dd.<br \/>\nSIUNTIMAS LIETUVOJE 2-3 dd.<\/p>\n","protected":false},"featured_media":2670,"comment_status":"open","ping_status":"closed","template":"","meta":{"_kad_blocks_custom_css":"","_kad_blocks_head_custom_js":"","_kad_blocks_body_custom_js":"","_kad_blocks_footer_custom_js":"","_kadence_starter_templates_imported_post":false},"product_brand":[],"product_cat":[38,30],"product_tag":[124,125,122,49,51,58,73,117,123],"class_list":{"0":"post-2375","1":"product","2":"type-product","3":"status-publish","4":"has-post-thumbnail","6":"product_cat-medines-dezes-slankiojanciu-dangciu","7":"product_cat-medines-dezes","8":"product_tag-berzine-dezute","9":"product_tag-deze-dovanoms","10":"product_tag-deze-pakavimui","11":"product_tag-medine-deze","12":"product_tag-medine-deze-slankiojanciu-dangciu","13":"product_tag-medine-dezute","14":"product_tag-ranku-darbo-deze","15":"product_tag-slankiojantis-dangtis","16":"product_tag-tvirta-faneros-deze","17":"wcpa_has_options","19":"first","20":"instock","21":"shipping-taxable","22":"purchasable","23":"product-type-variable"},"taxonomy_info":{"product_cat":[{"value":38,"label":"Medin\u0117s d\u0117\u017e\u0117s slankiojan\u010diu dang\u010diu"},{"value":30,"label":"Medin\u0117s d\u0117\u017e\u0117s"}],"product_tag":[{"value":124,"label":"ber\u017ein\u0117 d\u0117\u017eut\u0117"},{"value":125,"label":"d\u0117\u017e\u0117 dovanoms"},{"value":122,"label":"d\u0117\u017e\u0117 pakavimui"},{"value":49,"label":"Medin\u0117 d\u0117\u017e\u0117"},{"value":51,"label":"Medin\u0117 d\u0117\u017e\u0117 slankiojan\u010diu dang\u010diu"},{"value":58,"label":"Medin\u0117 d\u0117\u017eut\u0117"},{"value":73,"label":"rank\u0173 darbo d\u0117\u017e\u0117"},{"value":117,"label":"slankiojantis dangtis"},{"value":123,"label":"tvirta faneros d\u0117\u017e\u0117"}]},"featured_image_src_large":["https:\/\/mediniudeziugamyba.lt\/wp-content\/uploads\/2025\/03\/Medine-Deze-su-logotipu.png",900,900,false],"author_info":[],"comment_info":0,"_links":{"self":[{"href":"https:\/\/mediniudeziugamyba.lt\/en\/wp-json\/wp\/v2\/product\/2375","targetHints":{"allow":["GET"]}}],"collection":[{"href":"https:\/\/mediniudeziugamyba.lt\/en\/wp-json\/wp\/v2\/product"}],"about":[{"href":"https:\/\/mediniudeziugamyba.lt\/en\/wp-json\/wp\/v2\/types\/product"}],"replies":[{"embeddable":true,"href":"https:\/\/mediniudeziugamyba.lt\/en\/wp-json\/wp\/v2\/comments?post=2375"}],"wp:featuredmedia":[{"embeddable":true,"href":"https:\/\/mediniudeziugamyba.lt\/en\/wp-json\/wp\/v2\/media\/2670"}],"wp:attachment":[{"href":"https:\/\/mediniudeziugamyba.lt\/en\/wp-json\/wp\/v2\/media?parent=2375"}],"wp:term":[{"taxonomy":"product_brand","embeddable":true,"href":"https:\/\/mediniudeziugamyba.lt\/en\/wp-json\/wp\/v2\/product_brand?post=2375"},{"taxonomy":"product_cat","embeddable":true,"href":"https:\/\/mediniudeziugamyba.lt\/en\/wp-json\/wp\/v2\/product_cat?post=2375"},{"taxonomy":"product_tag","embeddable":true,"href":"https:\/\/mediniudeziugamyba.lt\/en\/wp-json\/wp\/v2\/product_tag?post=2375"}],"curies":[{"name":"wp","href":"https:\/\/api.w.org\/{rel}","templated":true}]}}