{"id":1980,"date":"2025-02-11T09:58:57","date_gmt":"2025-02-11T09:58:57","guid":{"rendered":"https:\/\/elektroniniu-svetainiu-kurimas.lt\/mediniudeziugamyba\/?post_type=product&#038;p=1980"},"modified":"2026-03-27T14:47:55","modified_gmt":"2026-03-27T14:47:55","slug":"medine-deze-plonu-dangciu-sl","status":"publish","type":"product","link":"https:\/\/mediniudeziugamyba.lt\/en\/produktas\/medine-deze-plonu-dangciu-sl\/","title":{"rendered":"Medin\u0117 d\u0117\u017e\u0117 su plonu dang\u010diu 20x20x10 cm"},"content":{"rendered":"<h4>Medin\u0117 d\u0117\u017e\u0117 su plonu ir lengvu dangteliu<\/h4>\n<p>Puikus pasirinkimas, jei ie\u0161kote nat\u016bralaus, bet esteti\u0161ko sprendimo dovan\u0173 pakavimui ar interjero dekorui. Pagaminta i\u0161 kokybi\u0161kos ber\u017ein\u0117s faneros, \u0161i d\u0117\u017eut\u0117 tinka tiek asmenin\u0117ms \u0161vent\u0117ms, tiek verslo dovanoms supakuoti.<\/p>\n<h4>Technin\u0117 informacija:<\/h4>\n<p>Med\u017eiaga: Ber\u017ein\u0117 fanera<br \/>\nSieneli\u0173 storis: ~3 mm<\/p>\n<p>Vidiniai matmenys (cm):<br \/>\nIlgis: 20 cm<br \/>\nPlotis: 20 cm<br \/>\nAuk\u0161tis: 10 cm<\/p>\n","protected":false},"excerpt":{"rendered":"<p>Tvirta 20 \u00d7 20 \u00d7 10 cm dyd\u017eio medin\u0117 d\u0117\u017e\u0117 su lengvu plonu dangteliu. Puikiai tinka dovan\u0173 pakavimui, rankdarbi\u0173 laikymui ar dekoravimui.<br \/>\nMed\u017eiaga: ber\u017ein\u0117 fanera.<br \/>\nGalima da\u017eyti \u012fvairiomis spalvomis pateikus individual\u0173 u\u017esakym\u0105.<\/p>\n<p>GAMYBOS TERMINAS 1-2 dd.<br \/>\nSIUNTIMAS LIETUVOJE 2-3 dd.<\/p>\n","protected":false},"featured_media":3115,"comment_status":"open","ping_status":"closed","template":"","meta":{"_kad_blocks_custom_css":"","_kad_blocks_head_custom_js":"","_kad_blocks_body_custom_js":"","_kad_blocks_footer_custom_js":"","_kadence_starter_templates_imported_post":false},"product_brand":[],"product_cat":[30,35,56],"product_tag":[49,55],"class_list":{"0":"post-1980","1":"product","2":"type-product","3":"status-publish","4":"has-post-thumbnail","6":"product_cat-medines-dezes","7":"product_cat-medines-dezes-kitos","8":"product_cat-standartines-medines-dezes","9":"product_tag-medine-deze","10":"product_tag-standartine-medine-deze","11":"wcpa_has_options","13":"first","14":"instock","15":"shipping-taxable","16":"purchasable","17":"product-type-variable"},"taxonomy_info":{"product_cat":[{"value":30,"label":"Medin\u0117s d\u0117\u017e\u0117s"},{"value":35,"label":"Medin\u0117s d\u0117\u017e\u0117s"},{"value":56,"label":"Standartin\u0117s medin\u0117s d\u0117\u017e\u0117s"}],"product_tag":[{"value":49,"label":"Medin\u0117 d\u0117\u017e\u0117"},{"value":55,"label":"Standartin\u0117 Medin\u0117 d\u0117\u017e\u0117"}]},"featured_image_src_large":["https:\/\/mediniudeziugamyba.lt\/wp-content\/uploads\/2025\/02\/188.png",900,900,false],"author_info":[],"comment_info":0,"_links":{"self":[{"href":"https:\/\/mediniudeziugamyba.lt\/en\/wp-json\/wp\/v2\/product\/1980","targetHints":{"allow":["GET"]}}],"collection":[{"href":"https:\/\/mediniudeziugamyba.lt\/en\/wp-json\/wp\/v2\/product"}],"about":[{"href":"https:\/\/mediniudeziugamyba.lt\/en\/wp-json\/wp\/v2\/types\/product"}],"replies":[{"embeddable":true,"href":"https:\/\/mediniudeziugamyba.lt\/en\/wp-json\/wp\/v2\/comments?post=1980"}],"wp:featuredmedia":[{"embeddable":true,"href":"https:\/\/mediniudeziugamyba.lt\/en\/wp-json\/wp\/v2\/media\/3115"}],"wp:attachment":[{"href":"https:\/\/mediniudeziugamyba.lt\/en\/wp-json\/wp\/v2\/media?parent=1980"}],"wp:term":[{"taxonomy":"product_brand","embeddable":true,"href":"https:\/\/mediniudeziugamyba.lt\/en\/wp-json\/wp\/v2\/product_brand?post=1980"},{"taxonomy":"product_cat","embeddable":true,"href":"https:\/\/mediniudeziugamyba.lt\/en\/wp-json\/wp\/v2\/product_cat?post=1980"},{"taxonomy":"product_tag","embeddable":true,"href":"https:\/\/mediniudeziugamyba.lt\/en\/wp-json\/wp\/v2\/product_tag?post=1980"}],"curies":[{"name":"wp","href":"https:\/\/api.w.org\/{rel}","templated":true}]}}