{"id":1944,"date":"2025-02-11T08:45:49","date_gmt":"2025-02-11T08:45:49","guid":{"rendered":"https:\/\/elektroniniu-svetainiu-kurimas.lt\/mediniudeziugamyba\/?post_type=product&#038;p=1944"},"modified":"2026-03-27T14:48:00","modified_gmt":"2026-03-27T14:48:00","slug":"medine-deze-arbatai-vidutine","status":"publish","type":"product","link":"https:\/\/mediniudeziugamyba.lt\/en\/produktas\/medine-deze-arbatai-vidutine\/","title":{"rendered":"Medin\u0117 arbatos d\u0117\u017e\u0117 su 6 skyriais | Vidutinio dyd\u017eio d\u0117\u017e\u0117 arbatai"},"content":{"rendered":"<h4>Medin\u0117 arbatos d\u0117\u017e\u0117 su \u0161e\u0161iais patogiais skyriais arbatos pakeliams.<\/h4>\n<p>Pagaminta i\u0161 nat\u016bralios ber\u017ein\u0117s faneros, \u0161i d\u0117\u017eut\u0117 yra puikus sprendimas norint palaikyti tvark\u0105 virtuv\u0117je ar pasi\u016blyti eleganti\u0161k\u0105 dovanos sprendim\u0105.<\/p>\n<h4>Savyb\u0117s:<\/h4>\n<p>6 atskiri skyriai \u2013 idealiai tinka skirtingoms arbatos r\u016b\u0161ims<br \/>\nMetalinis u\u017eraktas saugiam u\u017edarymui<br \/>\nGalima personalizacija: vardas, tekstas ar logotipas<br \/>\nTvirtas ir ilgaam\u017eis dizainas<\/p>\n<h4>Matmenys:<\/h4>\n<p>Bendra d\u0117\u017eut\u0117s vidin\u0117 erdv\u0117: 20,5 \u00d7 14 \u00d7 7 cm<br \/>\nKiekvienas skyrelis: 7 \u00d7 6,5 \u00d7 5,5 cm<\/p>\n<h4>Puikiai tinka:<\/h4>\n<p>Arbatos m\u0117g\u0117jams<br \/>\nVerslo dovanoms<br \/>\nNamams ar biurui<\/p>\n","protected":false},"excerpt":{"rendered":"<p>Stilinga medin\u0117 d\u0117\u017eut\u0117 su 6 skyriais arbatos pakeliams.<br \/>\nTvirta fanera, metalinis u\u017eraktas.<br \/>\nMATMENYS: 20,5 \u00d7 14 \u00d7 7 cm<br \/>\nPERSONALIZAVIMAS: Galima graviruoti dangt\u012f ar \u0161on\u0105.<\/p>\n<p>GAMYBOS TERMINAS 1-2 dd.<br \/>\nSIUNTIMAS LIETUVOJE 2-3 dd.<\/p>\n","protected":false},"featured_media":3361,"comment_status":"open","ping_status":"closed","template":"","meta":{"_kad_blocks_custom_css":"","_kad_blocks_head_custom_js":"","_kad_blocks_body_custom_js":"","_kad_blocks_footer_custom_js":"","_kadence_starter_templates_imported_post":false},"product_brand":[],"product_cat":[30,35,48],"product_tag":[49,52],"class_list":{"0":"post-1944","1":"product","2":"type-product","3":"status-publish","4":"has-post-thumbnail","6":"product_cat-medines-dezes","7":"product_cat-medines-dezes-kitos","8":"product_cat-skrynios-tipo-dezes","9":"product_tag-medine-deze","10":"product_tag-medine-deze-arbatai","11":"wcpa_has_options","13":"first","14":"instock","15":"shipping-taxable","16":"purchasable","17":"product-type-variable"},"taxonomy_info":{"product_cat":[{"value":30,"label":"Medin\u0117s d\u0117\u017e\u0117s"},{"value":35,"label":"Medin\u0117s d\u0117\u017e\u0117s"},{"value":48,"label":"Skrynios tipo d\u0117\u017e\u0117s"}],"product_tag":[{"value":49,"label":"Medin\u0117 d\u0117\u017e\u0117"},{"value":52,"label":"Medin\u0117 d\u0117\u017e\u0117 arbatai"}]},"featured_image_src_large":["https:\/\/mediniudeziugamyba.lt\/wp-content\/uploads\/2025\/02\/175.webp",900,900,false],"author_info":[],"comment_info":0,"_links":{"self":[{"href":"https:\/\/mediniudeziugamyba.lt\/en\/wp-json\/wp\/v2\/product\/1944","targetHints":{"allow":["GET"]}}],"collection":[{"href":"https:\/\/mediniudeziugamyba.lt\/en\/wp-json\/wp\/v2\/product"}],"about":[{"href":"https:\/\/mediniudeziugamyba.lt\/en\/wp-json\/wp\/v2\/types\/product"}],"replies":[{"embeddable":true,"href":"https:\/\/mediniudeziugamyba.lt\/en\/wp-json\/wp\/v2\/comments?post=1944"}],"wp:featuredmedia":[{"embeddable":true,"href":"https:\/\/mediniudeziugamyba.lt\/en\/wp-json\/wp\/v2\/media\/3361"}],"wp:attachment":[{"href":"https:\/\/mediniudeziugamyba.lt\/en\/wp-json\/wp\/v2\/media?parent=1944"}],"wp:term":[{"taxonomy":"product_brand","embeddable":true,"href":"https:\/\/mediniudeziugamyba.lt\/en\/wp-json\/wp\/v2\/product_brand?post=1944"},{"taxonomy":"product_cat","embeddable":true,"href":"https:\/\/mediniudeziugamyba.lt\/en\/wp-json\/wp\/v2\/product_cat?post=1944"},{"taxonomy":"product_tag","embeddable":true,"href":"https:\/\/mediniudeziugamyba.lt\/en\/wp-json\/wp\/v2\/product_tag?post=1944"}],"curies":[{"name":"wp","href":"https:\/\/api.w.org\/{rel}","templated":true}]}}