{"id":3556,"date":"2025-02-14T12:14:29","date_gmt":"2025-02-14T12:14:29","guid":{"rendered":"https:\/\/mediniudeziugamyba.lt\/privacy-policy\/"},"modified":"2026-01-30T15:31:40","modified_gmt":"2026-01-30T15:31:40","slug":"privacy-policy","status":"publish","type":"page","link":"https:\/\/mediniudeziugamyba.lt\/en\/privacy-policy\/","title":{"rendered":"Privacy Policy"},"content":{"rendered":"\n<p>Your privacy is important to us, therefore MB \u201cMechanikos projektai\u201d, a company based in Lithuania, has created this Privacy Policy (hereinafter \u2013 the Policy) to inform you about what information we collect when you visit our website http:\/\/personalgiftseu.store (hereinafter \u2013 the Website), why we collect it, and how we use it.<\/p>\n\n<p>The terms \u201cYou\u201d, \u201cYour\u201d, and \u201cUser\u201d refer to the entity \/ person \/ organization using our Website.<\/p>\n\n<p>When the terms \u201cWe\u201d, \u201cUs\u201d, and \u201cOur\u201d are used in this Policy, they refer to MB \u201cMechanikos projektai\u201d and its subsidiaries and affiliated companies.<\/p>\n\n<p>This Privacy Policy is governed by our Terms of Service.<\/p>\n\n<p>If you have any questions regarding this Policy or requests related to the processing of personal data, please contact us by email at help@personalgiftseu.store. <\/p>\n\n<ol class=\"wp-block-list\">\n<li>INFORMATION WE COLLECT FROM YOU<br\/>We collect information that You provide to us, and this information is necessary for the proper performance of the contractual agreement entered into between You and us and to allow us to comply with our legal obligations.<\/li>\n<\/ol>\n\n<p>Account registration information. When you create an account, we ask you to provide registration information such as your email address, first name, last name, phone number, and address.  <br\/>Payment information. In order to place orders and use the Website\u2019s features, we may ask You to provide certain financial information to facilitate payment processing. We collect your credit or debit card number, credit or debit card type, credit or debit card expiration date, first and last name.  <\/p>\n\n<ol start=\"2\" class=\"wp-block-list\">\n<li>AUTOMATICALLY COLLECTED INFORMATION<br\/>When you use our Website or contact us directly, we may collect information, including your personal data, about how you behave on our Website, which services you use, and how you use them.<br\/><br\/><\/li>\n<\/ol>\n\n<p>This information is necessary for the proper performance of the contract between You and us, to comply with legal obligations, and based on our legitimate interest in being able to provide and improve the Website\u2019s functionality.<\/p>\n\n<p>Tracking technologies and cookies. We use a Customer number. We also automatically collect information about the device operating system,  <\/p>\n\n<ol start=\"3\" class=\"wp-block-list\">\n<li>HOW WE USE YOUR INFORMATION<br\/>We process your information in accordance with the general data processing principles.<\/li>\n<\/ol>\n\n<p>We may use the information collected on the Website for various purposes, such as:<\/p>\n\n<p>to identify the user <br\/>to create an account <br\/>to generate statistics and analyze the market <br\/>to maintain communication <br\/>to send billing information <br\/>to process user orders <br\/>to contact the user <br\/>to request feedback <br\/>to provide support <br\/>to comply with applicable laws <br\/>We generally collect your personal information only with your consent, when the personal information is necessary to perform a contract with you, or when we process it based on legitimate business interests.<br\/><br\/><\/p>\n\n<ol start=\"4\" class=\"wp-block-list\">\n<li>DIRECT MARKETING<br\/>We may use the contact details you provide for direct marketing purposes. These direct marketing offers, depending on your preferences, may be personalized based on any other information you have provided to us (e.g., location, social media profile information, etc.) or that we have collected or generated from other sources, as described below. <\/li>\n<\/ol>\n\n<p>If you wish to withdraw your consent to direct marketing and stop receiving communications from us, you may do so at any time by updating your account settings, following the unsubscribe instructions provided in the email you receive, or by clicking the unsubscribe link at the bottom of our newsletter emails.  <\/p>\n\n<ol start=\"5\" class=\"wp-block-list\">\n<li>Cookies<br\/>Cookies are small text files that are stored on your computer by your browser when you visit our Website. We use cookies to improve our Website and make it easier to use. Cookies allow us to recognize users and avoid repeated requests for the same information.<br\/><br\/>  <\/li>\n<\/ol>\n\n<p>Cookies used on our Website cannot be read by other websites. Most browsers accept cookies unless you change your browser settings to refuse them. <\/p>\n\n<p>Cookies that we use on our Website:<\/p>\n\n<p><\/p>\n\n<p>Strictly necessary cookies \u2013 these cookies are required for the operation of our Website. They help us display the information you need, tailor your experience, enable us to implement and maintain security features, and help detect malicious activity. Without these cookies, the Website would not function or its operation could be significantly affected.<br\/>More information on how to delete cookies, as well as other useful information related to the use of cookies, can be found at http:\/\/www.allaboutcookies.org\/.  <\/p>\n\n<ol start=\"6\" class=\"wp-block-list\">\n<li>INFORMATION PROVIDED BY MINORS<br\/>This Website and our Services are not intended for persons under the age of 18. We do not knowingly collect or request information from minors. We do not knowingly allow minors to use our Website or Services.<br\/><br\/>  <\/li>\n<\/ol>\n\n<p>We will delete any information that we become aware has been collected from minors. If you believe that we may have information about a minor, please contact us using the contact details provided below. <\/p>\n\n<ol start=\"7\" class=\"wp-block-list\">\n<li>SENSITIVE INFORMATION<br\/>We do not collect sensitive information such as political opinions, religious or philosophical beliefs, racial or ethnic origin, genetic data, biometric data, health data, or data related to sexual orientation.<\/li>\n<\/ol>\n\n<p>Please do not send, upload, or provide us with any sensitive data and contact us using the contact details below if you believe that we may have such information. We reserve the right to delete any information if we believe it may contain sensitive data. <\/p>\n\n<ol start=\"8\" class=\"wp-block-list\">\n<li>PAYMENT INFORMATION<br\/>In order to order and use our Services, we may ask you to provide certain financial information to facilitate payment processing. We do not store or collect your payment card details. This information is provided directly to our third-party payment processors, whose use of personal information is governed by their privacy policies. All payment data is stored by \u201cStripe\u201d. You can find links to their privacy policy here: https:\/\/stripe.com\/en-lt\/privacy.<br\/><br\/>    <\/li>\n\n\n\n<li>THIRD-PARTY LINKS<br\/>Our Website may contain links to other websites. Please review their privacy policies to learn more about how they collect and use your personal data, as we do not control their policies or personal data processing practices.<br\/><br\/> <\/li>\n\n\n\n<li>PURPOSES<br\/>We retain your personal data in order to provide you with Services and as otherwise necessary to comply with our legal obligations, resolve disputes, and enforce our agreements.<\/li>\n<\/ol>\n\n<p>We will retain your personal information for no longer than you maintain your account, unless we are required by law or other regulations to retain your personal information for a longer period.<\/p>\n\n<p>If you want us to stop using your personal information, you must request that we delete your personal information and close your Account. Please note that even after your account is deleted, we may retain certain information for tax, legal reporting, and audit obligations. <\/p>\n\n<ol start=\"11\" class=\"wp-block-list\">\n<li>SECURITY<br\/>We have implemented security measures designed to protect the personal information you share with us, including physical, electronic, and procedural safeguards. Among other things, we regularly monitor our systems for possible vulnerabilities and attacks. <\/li>\n<\/ol>\n\n<p>Despite the measures and efforts we apply, the transmission of information over the Internet, by email, or by text messages is not completely secure. We do not guarantee absolute protection and security of your personal information or any other user content that you upload, publish, or otherwise share with us or others. <\/p>\n\n<p>Therefore, we encourage you to avoid providing us or anyone else with any sensitive information the disclosure of which you believe could cause you significant or irreparable harm.<\/p>\n\n<p>If you have any questions regarding the security of our Website or Services, please contact us at help@personalgiftseu.store.<\/p>\n\n<ol start=\"12\" class=\"wp-block-list\">\n<li>J\u016aS\u0172 TEIS\u0116S<br\/>Turite teis\u0119 \u012f \u012fvairias teises, susijusias su j\u016bs\u0173 asmenin\u0117s informacijos apsauga. \u0160ios teis\u0117s yra \u0161ios: <\/li>\n<\/ol>\n\n<p>The right to access the information we hold about you. If you wish to access the personal information we collect about you, you may do so at any time by contacting us using the contact details provided below.<br\/>The right to correct inaccurate information about you. You may correct, update, or request the deletion of your personal information by contacting us using the contact details provided below.<br\/><br\/>  <\/p>\n\n<p>The right to object to data processing. Where we process your personal information based on your consent, you may withdraw your consent at any time by contacting us using the contact details provided below. This will not affect the lawfulness of processing carried out before the withdrawal of your consent.<br\/>The right to lodge a complaint. If your rights may have been violated, you may submit questions or complaints to the national data protection authority in your country of residence. However, we recommend first attempting to resolve any potential dispute amicably by contacting us.<br\/>The right to have any data relating to you erased. For legitimate reasons, you may request the erasure of data without undue delay, for example, when the data is no longer necessary for the purposes for which it was collected or when the data was processed unlawfully.     <\/p>\n\n<ol start=\"13\" class=\"wp-block-list\">\n<li>APPLICATION OF THE POLICY<br\/>This Policy was created using TermsHub.io and a privacy policy generator and applies only to the services provided by our Company. Our Policy does not apply to services offered by other companies or individuals, including products or websites that may appear in search results, websites where our services may be featured, or other websites linked from our Website or Services. <\/li>\n<\/ol>\n\n<ol start=\"14\" class=\"wp-block-list\">\n<li>CHANGES<br\/>Our Policy may be amended from time to time. We will post any changes to the Policy on our Website, and if the changes are material, we may consider providing a more prominent notice (including, for certain services, email notification of Policy changes). <\/li>\n\n\n\n<li>ACCEPTANCE OF THIS POLICY<br\/>We assume that all Website Users have carefully read this document and agree to its contents. If anyone does not agree with this Policy, they should refrain from using our Website. We reserve the right to amend our Policy at any time and to notify users in the manner specified in Section 14. Continued use of this Website signifies acceptance of the revised Policy.   <\/li>\n\n\n\n<li>ADDITIONAL INFORMATION<br\/>If you have any additional questions regarding the data we collect or how we use it, please do not hesitate to contact us using the details provided above.<\/li>\n<\/ol>\n","protected":false},"excerpt":{"rendered":"<p>Your privacy is important to us, therefore MB \u201cMechanikos projektai\u201d, a company based in Lithuania, has created this Privacy Policy (hereinafter \u2013 the Policy) to inform you about what information we collect when you visit our website http:\/\/personalgiftseu.store (hereinafter \u2013 the Website), why we collect it, and how we use it. The terms \u201cYou\u201d, \u201cYour\u201d, [&hellip;]<\/p>\n","protected":false},"author":2,"featured_media":0,"parent":0,"menu_order":0,"comment_status":"closed","ping_status":"closed","template":"","meta":{"_kad_blocks_custom_css":"","_kad_blocks_head_custom_js":"","_kad_blocks_body_custom_js":"","_kad_blocks_footer_custom_js":"","_kadence_starter_templates_imported_post":false,"footnotes":""},"class_list":["post-3556","page","type-page","status-publish","hentry"],"blocksy_meta":[],"taxonomy_info":[],"featured_image_src_large":false,"author_info":{"display_name":"ISK","author_link":"https:\/\/mediniudeziugamyba.lt\/en\/author\/isk\/"},"comment_info":0,"_links":{"self":[{"href":"https:\/\/mediniudeziugamyba.lt\/en\/wp-json\/wp\/v2\/pages\/3556","targetHints":{"allow":["GET"]}}],"collection":[{"href":"https:\/\/mediniudeziugamyba.lt\/en\/wp-json\/wp\/v2\/pages"}],"about":[{"href":"https:\/\/mediniudeziugamyba.lt\/en\/wp-json\/wp\/v2\/types\/page"}],"author":[{"embeddable":true,"href":"https:\/\/mediniudeziugamyba.lt\/en\/wp-json\/wp\/v2\/users\/2"}],"replies":[{"embeddable":true,"href":"https:\/\/mediniudeziugamyba.lt\/en\/wp-json\/wp\/v2\/comments?post=3556"}],"version-history":[{"count":1,"href":"https:\/\/mediniudeziugamyba.lt\/en\/wp-json\/wp\/v2\/pages\/3556\/revisions"}],"predecessor-version":[{"id":3557,"href":"https:\/\/mediniudeziugamyba.lt\/en\/wp-json\/wp\/v2\/pages\/3556\/revisions\/3557"}],"wp:attachment":[{"href":"https:\/\/mediniudeziugamyba.lt\/en\/wp-json\/wp\/v2\/media?parent=3556"}],"curies":[{"name":"wp","href":"https:\/\/api.w.org\/{rel}","templated":true}]}}